{"id":1185,"date":"2024-01-21T17:08:53","date_gmt":"2024-01-21T17:08:53","guid":{"rendered":"https:\/\/bonjourlondres.fr\/?page_id=1185"},"modified":"2025-09-27T07:48:59","modified_gmt":"2025-09-27T07:48:59","slug":"trasferimento-dallaeroporto-al-centro-citta","status":"publish","type":"page","link":"https:\/\/bonjourlondres.fr\/it\/transfert-aeroport-vers-centre-ville\/","title":{"rendered":"State facendo lo stesso errore di 99% di persone che visitano Londra?"},"content":{"rendered":"<p>Nota: se siete interessati a tornare all'aeroporto, <a href=\"https:\/\/bonjourlondres.fr\/it\/trasferimento-dal-centro-citta-allaeroporto\/\" target=\"_blank\" rel=\"noopener noreferrer\">clicca qui<\/a>.<\/p>\n<p><strong>Arrivate a Londra in aereo come 9O% di viaggiatori?<\/strong><\/p>\n<p>Continua a leggere...<\/p>\n<h2><center>La maggior parte dei viaggiatori commette l'errore di prendere un taxi all'arrivo.<\/center><\/h2>\n<h2><center>Oppure <strong>ancora peggio<\/strong>.<\/center><\/h2>\n<h2><center>Commettono l'errore di prendere i mezzi pubblici.<\/center><\/h2>\n<p>Forse state leggendo qualcosa sulla citt\u00e0 di Londra.<\/p>\n<p>Per scoprire cosa visitare per primo.<\/p>\n<p>Come muoversi in citt\u00e0.<\/p>\n<p>Trovare buone offerte.<\/p>\n<p>E <strong>hai ragione<\/strong>.<\/p>\n<p>Faccio la stessa cosa quando viaggio.<\/p>\n<p>Non c'\u00e8 niente di peggio che arrivare in una citt\u00e0 che non si conosce...<\/p>\n<p>Senza aver preparato nulla!<\/p>\n<p>Senza parlare la lingua.<\/p>\n<p>Senza sapere cosa ci far\u00e0 risparmiare (o perdere) tempo.<\/p>\n<h2><center><strong>Nel vostro caso<\/strong>:<\/center><\/h2>\n<p>Andate a Londra con le vostre borse e valigie.<\/p>\n<p>Arrivate dall'aeroporto.<\/p>\n<p>E volete raggiungere il vostro alloggio. Il pi\u00f9 velocemente possibile, se possibile.<\/p>\n<p>Senza essere una seccatura sui mezzi pubblici affollati.<\/p>\n<p>Che possono impiegare un'eternit\u00e0 per raggiungere il vostro alloggio.<\/p>\n<p>E pieno di borseggiatori.<\/p>\n<p><strong>Immaginare<\/strong>...<\/p>\n<p>Siete qui con le vostre valigie e i vostri bagagli.<\/p>\n<p>Si corre il rischio di essere derubati.<\/p>\n<p>Avete con voi tutti i vostri soldi.<\/p>\n<p>I vostri passaporti, i vostri documenti...<\/p>\n<h2><center>Non c'\u00e8 niente di peggio che iniziare un viaggio ed essere derubati il primo giorno.<\/center><\/h2>\n<p>\u00c8 quindi necessario chiamare la propria banca per bloccare le carte di credito.<\/p>\n<p>\u00c8 necessario recarsi alla polizia per denunciare il furto.<\/p>\n<p>\u00c8 necessario recarsi all'ambasciata francese prima di poter tornare a casa con un documento provvisorio.<\/p>\n<p>In poche parole.<\/p>\n<p><strong>\u00c8 un incubo<\/strong>.<\/p>\n<p>Purtroppo, questo accade spesso a chi viaggia sui mezzi pubblici, come la metropolitana o l'autobus.<\/p>\n<h2><center>Avete pensato di prendere un taxi?<\/center><\/h2>\n<p>Non \u00e8 molto meglio.<\/p>\n<p>Tra i falsi taxi.<\/p>\n<p>Taxi che non accendono il tachimetro, che dicono che non funziona o che lo cambiano in modo che vada pi\u00f9 veloce del normale.<\/p>\n<p>Quelle che ti portano a fare grandi deviazioni senza che tu te ne accorga.<\/p>\n<p>\u00c8 facile farsi fregare.<\/p>\n<p>Una mia amica ha pagato pi\u00f9 di 300 sterline per un viaggio dall'aeroporto al suo alloggio in centro citt\u00e0.<\/p>\n<p><strong>Una grande truffa<\/strong> !<\/p>\n<p>Per non parlare del fatto che spesso c'\u00e8 un'attesa di un'ora o pi\u00f9 per un taxi.<\/p>\n<p>In realt\u00e0, il vero problema \u00e8 questo:<\/p>\n<h2><center><strong>Non conoscete alcun mezzo di trasporto che sia affidabile, comodo e veloce.<\/strong>.<\/center><\/h2>\n<p>Si prende un taxi o i mezzi pubblici e si spera nel meglio.<\/p>\n<p>\u00c8 proprio per evitare questi inconvenienti che ho deciso di offrire un servizio perfetto per i viaggiatori come voi.<\/p>\n<h2><center>Con una societ\u00e0 di trasferimento di fiducia, possiamo offrirvi LE <strong>trasferimento ideale<\/strong> per iniziare la vostra vacanza.<\/center><\/h2>\n<p>Anche per chi ha un budget limitato.<\/p>\n<aside class=\"block-note\">\n<p class=\"block-offer-desc\"><strong>Le nostre guide hanno vantaggi unici<\/strong>:<\/p>\n<ul>\n<li>parlano <strong>Francese<\/strong> che facilita la comunicazione<\/li>\n<li>vi aspetteranno all'arrivo in aeroporto con un cartello con il vostro nome. <strong>evitare l'attesa<\/strong> Da 1 a 2 ore di taxi<\/li>\n<li>essi <strong>aiuto con le valigie<\/strong> per non sentirsi stanchi dopo il volo<\/li>\n<li>il <strong>il prezzo \u00e8 fisso<\/strong>per evitare eventuali truffe<\/li>\n<li>se l'aereo \u00e8 in ritardo, l'assistente di volo vi aspetta <strong>senza costi aggiuntivi<\/strong><\/li>\n<li>il tuo compagno <strong>risponde a tutte le vostre domande<\/strong> durante il viaggio<\/li>\n<li>ci sono <strong>seggiolini auto per bambini<\/strong> se necessario (che i taxi non hanno quasi mai)<\/li>\n<\/ul>\n<\/aside>\n<p>Con il nostro servizio di trasferimento...<\/p>\n<p>Potete essere certi di raggiungere rapidamente il vostro alloggio.<\/p>\n<p>Senza essere stati rapinati o derubati.<\/p>\n<p>E rilassati, perch\u00e9 vi avremo aiutato con i bagagli.<\/p>\n<p>E tu sei rimasto comodamente seduto in macchina.<\/p>\n<p>Ecco alcuni esempi <strong>feedback dei viaggiatori che hanno prenotato un trasferimento con noi<\/strong>:<\/p>\n<blockquote><p>Trasferimento perfetto con Paul, che parla perfettamente il francese. Guida piacevole e risponde a qualsiasi domanda.<br \/>\nLo consigliamo!<\/p>\n<p style=\"text-align: right;\">Alexandre e Nathalie<\/p>\n<p>Grazie Bonjour Londres! Il nostro aereo era in ritardo ma la persona era l\u00ec ad aspettarci. Anche lui \u00e8 stato molto gentile. Abbiamo deciso di prenotare subito il volo di ritorno.<\/p>\n<p style=\"text-align: right;\">Jean-Pierre e i suoi amici<\/p>\n<p>Trasferimento perfetto dall'hotel all'aeroporto. Paul \u00e8 arrivato in anticipo alle 4.20 ed \u00e8 stato molto cordiale, guidando in modo molto pi\u00f9 piacevole del nostro taxi all'andata! Raccomando<\/p>\n<p style=\"text-align: right;\">Jos\u00e9<\/p>\n<p>Volevo ringraziarvi per tutto quello che avete fatto per noi riguardo al trasferimento dall'aeroporto all'hotel e alla visita guidata.<br \/>\nL'autista e Floriane ci hanno accolto benissimo.<br \/>\nSiamo molto soddisfatti del nostro soggiorno e grazie a voi \u00e8 stato tutto perfetto.<br \/>\nFloriane era affascinante e piacevole e aveva una grande padronanza della sua materia. Grazie a lei, abbiamo visto ci\u00f2 che volevamo vedere.<br \/>\nAnche l'autista \u00e8 stato fantastico e lo avremo domenica per il nostro ritorno in Francia.<br \/>\nIn ogni caso, non dimenticheremo questo soggiorno e la prossima volta ci rivolgeremo di nuovo a voi, questo \u00e8 certo.<br \/>\nGrazie di tutto e ci stiamo godendo la nostra ultima serata in questa bellissima citt\u00e0 di Londra.<\/p>\n<p style=\"text-align: right;\">Violette<\/p>\n<p>Servizio molto buono. Soprattutto quando il volo arriva a mezzanotte e ci aspettano quando c'\u00e8 un ritardo. Nessuna sorpresa. Grazie agli autisti.<\/p>\n<p style=\"text-align: right;\">SCHOEMANN<\/p>\n<p>Servizio eccellente, che ho trovato sul vostro sito, trasferimento aeroportuale impeccabile con una visita guidata della citt\u00e0, l'autista era super cordiale, sarebbe stato un taxi con deviazioni la tariffa non sarebbe stata la stessa, con questo servizio nessuna sorpresa all'arrivo, la tariffa \u00e8 fissa, pienamente raccomandato, grazie Paul, a presto.<\/p>\n<p style=\"text-align: right;\">DI PENTIMA MARINA<\/p>\n<p>Servizio VIP di alta gamma<br \/>\nPer un prezzo conveniente<br \/>\nComplimenti alla vostra azienda e ai vostri autisti.<br \/>\nGrazie ancora<\/p>\n<p style=\"text-align: right;\"> Bettioui <\/p>\n<p>Trasferimento dall'hotel all'aeroporto con Paul il 26.02, impeccabile. Puntuale davanti all'hotel, molto disponibile, piacevole e professionale. Parlava perfettamente il francese.<\/p>\n<p>Raccomando davvero questo servizio.<\/p>\n<p style=\"text-align: right;\"> Magne <\/p>\n<p>Molto piacevole e molto professionale. Ed estremamente puntuale.<br \/>\nUna performance impeccabile!<br \/>\nDa consigliare +++.<\/p>\n<p style=\"text-align: right;\">Herv\u00e9<\/p>\n<p>Un grande ringraziamento a Paul per questo trasferimento impeccabile! Un'accoglienza molto calorosa e per di pi\u00f9 in francese. Ci ha dato molte informazioni utili per il nostro soggiorno a Londra e abbiamo anche fatto una visita guidata al mare.<br \/>\nTanta cordialit\u00e0 e gentilezza.<br \/>\nVogliamo solo tornare!<\/p>\n<p style=\"text-align: right;\">Geoffroy<\/p>\n<p>Raccomandiamo questo servizio.<br \/>\nPaul \u00e8 arrivato non appena siamo scesi dall'aereo ed \u00e8 stato molto gentile. Un autista molto simpatico che ci ha raccontato diversi aneddoti inglesi in un francese impeccabile.<br \/>\nGrazie Paul!<\/p>\n<p style=\"text-align: right;\">Monteiro<\/p>\n<p>Servizio molto buono. Non avevamo Paul, ma ha fatto tutto il possibile per trovarci un altro autista e si \u00e8 assicurato di controllarci dopo il nostro arrivo. Il veicolo era molto confortevole e pulito. Il nostro autista \u00e8 stato cortese, lungimirante, puntuale e attento alle nostre esigenze. \u00c8 molto bello avere questo servizio quando si arriva in un paese che non si conosce. Un enorme grazie a Gloria e Paul per il loro know-how. Buona continuazione. Patricia e Cyrille<\/p>\n<p style=\"text-align: right;\">Patricia Pelletier<\/p>\n<p>Ottima comunicazione, Paul \u00e8 stato molto gentile con noi e ci ha dato molti consigli... Un servizio molto attento che consiglierei a 100%.<\/p>\n<p style=\"text-align: right;\">St\u00e9phanie Matias<\/p>\n<p>Grazie per il trasferimento dall'aeroporto all'hotel e viceversa! Impeccabile! Auto molto pulita, autista molto cortese e gentile! Ottimo francese! \u00c8 bello arrivare in un paese sconosciuto ed essere accolti in questo modo! Nessuna nota falsa! Raccomandiamo questo servizio.<\/p>\n<p style=\"text-align: right;\">Ragot<\/p>\n<p>Servizio taxi perfetto, sono stata accolta all'arrivo in aeroporto da un autista molto cordiale e professionale, \u00e8 stato molto disponibile e mi ha dato buoni consigli per il resto del mio viaggio, tutto in perfetto francese \ud83d\ude09<br \/>\nAltamente raccomandato!<\/p>\n<p style=\"text-align: right;\">Ade<\/p>\n<p>Servizio impeccabile, puntualit\u00e0 perfetta, le migliori sterline spese durante il soggiorno.<\/p>\n<p>A confronto, ci siamo imbattuti in tassisti che non parlavano una parola di francese, ed \u00e8 stato allora che abbiamo capito che il servizio era molto comodo.<\/p>\n<p style=\"text-align: right;\">Stevender<\/p>\n<p>Perfetto sia all'andata che al ritorno. Il nostro simpatico autista Paul parlava un francese impeccabile e ci ha dato molti consigli e informazioni. Il prezzo fisso era pi\u00f9 che ragionevole, soprattutto se il vostro hotel \u00e8 lontano dall'aeroporto. Da raccomandare +++<\/p>\n<p style=\"text-align: right;\"> Dominique <\/p>\n<p>Grazie ancora per il trasferimento da Stansted a Datford di venerd\u00ec scorso. L'autista \u00e8 stato davvero cordiale e professionale e il viaggio \u00e8 stato molto piacevole.<\/p>\n<p style=\"text-align: right;\"> Delphine <\/p>\n<p>Il servizio \u00e8 stato molto professionale. Il nostro autista \u00e8 stato molto gentile e ci ha anche offerto una visita guidata durante il viaggio. Molto piacevole e molto professionale. Ed estremamente puntuale.<\/p>\n<p style=\"text-align: right;\">Labergere<\/p>\n<\/blockquote>\n<p>Ora sapete che il nostro servizio di trasferimento \u00e8 il modo perfetto per iniziare la vostra vacanza a Londra.<\/p>\n<p><strong>Ecco un semplice calcolo<\/strong>:<\/p>\n<p>Supponiamo che siate una coppia e che andiate via per 4 giorni.<\/p>\n<p>Un viaggio costa:<br \/>\n- 600,00 per l'alloggio (150,00 sterline a notte in centro citt\u00e0)<br \/>\n- 400,00 in aereo (\u00a3200,00 a persona andata e ritorno)<br \/>\n- 400,00 in ristoranti (8 ristoranti a \u00a3 50,00 a persona)<\/p>\n<p>Sono gi\u00e0 1.400,00 sterline di spese.<\/p>\n<p>Per non parlare dei trasporti.<\/p>\n<p>Biglietti d'ingresso ai monumenti.<\/p>\n<p>Colazione.<\/p>\n<p>Uscite serali.<\/p>\n<p>Acquisti in loco.<\/p>\n<p>I rischi di possibili truffe.<\/p>\n<p>In breve tempo abbiamo raggiunto oltre 1.500,00 sterline di spese.<\/p>\n<h2><center>Viaggiare \u00e8 un grande investimento.<\/center><\/h2>\n<p>Ma anche nel tempo.<\/p>\n<p>Perch\u00e9 non abbiamo molte vacanze durante l'anno.<\/p>\n<p>Ed \u00e8 fondamentale che si svolgano nel modo pi\u00f9 fluido possibile.<\/p>\n<h2><center>Ecco perch\u00e9 il trasferimento con noi \u00e8 cos\u00ec importante. <strong>accessibile a tutti<\/strong>.<\/center><\/h2>\n<p>Il prezzo \u00e8 di soli 109 sterline (da Heathrow) per un trasferimento ideale.<\/p>\n<p>E questo vi far\u00e0 <strong>iniziare le vacanze nel migliore dei modi<\/strong>.<\/p>\n<div class=\"su-box su-box-style-default\" id=\"\" style=\"border-color:#017520;border-radius:3px;\"><div class=\"su-box-title\" style=\"background-color:#34A853;color:#FFFFFF;border-top-left-radius:1px;border-top-right-radius:1px\">Prenotazione<\/div><div class=\"su-box-content su-u-clearfix su-u-trim\" style=\"border-bottom-left-radius:1px;border-bottom-right-radius:1px\">\n<strong>Il pagamento viene effettuato in contanti al termine del trasferimento.<\/strong><\/p>\n<p><strong>Tasso fisso<\/strong>:<br \/>\n<strong>Da Heathrow:<\/strong><br \/>\nDa 1 a 3 persone: 109 \u20ac.<br \/>\nPer 4-5 persone: 129 \u20ac.<br \/>\nPer 6-8 persone: \u00a3149.  <\/p>\n<p><strong>Da Stansted:<\/strong><br \/>\nDa 1 a 3 persone: \u00a3109<br \/>\nPer 4-5 persone: \u00a3139<br \/>\nPer 6-8 persone: \u00a3149<\/p>\n<p><strong>Da Luton:<\/strong><br \/>\nDa 1 a 3 persone: \u00a3119<br \/>\nPer 4-5 persone: \u00a3139<br \/>\nDa 6 a 8 persone: \u00a3159<\/p>\n<p><strong>Da Gatwick:<\/strong><br \/>\nDa 1 a 3 persone: \u00a3129<br \/>\nPer 4-5 persone: \u00a3149<br \/>\nDa 6 a 8 persone: \u00a3169<\/p>\n<p><strong>Esempio<\/strong>Se siete in due e l'aereo arriva all'aeroporto di Heathrow, la tariffa totale \u00e8 di 109 sterline (pagamento in sterline).<\/p>\n<p><strong>Nota<\/strong>Se siete interessati a un volo di andata e ritorno per l'aeroporto, <a href=\"https:\/\/bonjourlondres.fr\/it\/trasferimento-dal-centro-citta-allaeroporto\/\" target=\"_blank\" rel=\"noopener noreferrer\">clicca qui<\/a>.<\/p>\n<p>Se non siete soddisfatti del vostro trasferimento, non pagherete. Siamo cos\u00ec sicuri che sarete soddisfatti del nostro servizio che vi offriamo questo <strong>garanzia di rimborso<\/strong>. Quindi non state prendendo <strong>nessun rischio<\/strong> per prenotare con noi.<\/p>\n<p><strong>RICORDA<\/strong>Il trasferimento \u00e8 privato. Avrete un veicolo e una guida solo per voi!<\/p>\n<p><strong>Eccezione<\/strong>In casi eccezionali, l'accompagnatore pu\u00f2 non parlare francese, ad esempio se \u00e8 malato e dobbiamo trovare un'altra persona all'ultimo momento.<br \/>\n<\/div><\/div>\n<strong>Compila il modulo sottostante per prenotare il tuo trasferimento privato in francese:<\/strong><\/p>\n<div data-tf-inline-on-mobile data-tf-live=\"01HMPEDAMBY3NP02FT521SKA7P\"><\/div>\n<p><script src=\"\/\/embed.typeform.com\/next\/embed.js\"><\/script><br \/>\n\u2028\u2028<\/p>\n<h4><strong>FAQ (domande frequenti):<\/strong><\/h4>\n<p><strong>\"Abbiamo un bambino\/una bambina, avete un posto a sedere adatto?\".<\/strong><br \/>\nS\u00ec, certo, basta specificarlo quando si compila il modulo di prenotazione.<br \/>\n<strong>\"Come possiamo essere sicuri di trovare il nostro autista?<\/strong><br \/>\nLa vostra guida vi aspetter\u00e0 all'uscita dei passeggeri, quindi non potete sbagliare.<br \/>\nAvrete il suo numero di telefono per ogni evenienza e lui avr\u00e0 il vostro. Ricordatevi di accendere il telefono quando l'aereo atterra.<br \/>\n<strong>\"Quali sono i metodi di pagamento disponibili?<\/strong><br \/>\nIl pagamento avviene sempre una volta arrivati a destinazione, se si \u00e8 soddisfatti del servizio. Il pagamento avviene in contanti.<br \/>\n<strong>\"\u00c8 possibile ottenere una fattura?<\/strong><br \/>\nS\u00ec, certo, basta chiederlo al momento della compilazione del modulo o all'accompagnatore una volta a Londra.<\/p>\n<p>&nbsp;<\/p>\n<h4><strong>Ci sono altre domande?<\/strong><\/h4>\n<p>\u00c8 possibile inviarli inviando un'e-mail al seguente indirizzo: marie.bonjourlondres@gmail.com<br \/>\nVi risponderemo entro poche ore.<\/p>","protected":false},"excerpt":{"rendered":"<p>Note: si c&rsquo;est un retour vers l&rsquo;a\u00e9roport qui vous int\u00e9resse, cliquez ici. Vous arrivez \u00e0 Londres en avion comme 9O% des voyageurs ? Lisez bien ce qui va suivre\u2026 Car la plupart des voyageurs font l\u2019erreur de prendre un taxi \u00e0 leur arriv\u00e9e. Ou encore pire. Ils font l\u2019erreur de prendre les transports en commun. [&hellip;]<\/p>\n","protected":false},"author":8,"featured_media":1188,"parent":0,"menu_order":0,"comment_status":"closed","ping_status":"closed","template":"page_landing.php","meta":{"om_disable_all_campaigns":true,"_genesis_hide_title":false,"_genesis_hide_breadcrumbs":false,"_genesis_hide_singular_image":false,"_genesis_hide_footer_widgets":false,"_genesis_custom_body_class":"","_genesis_custom_post_class":"","_genesis_layout":"","footnotes":""},"class_list":{"0":"post-1185","1":"page","2":"type-page","3":"status-publish","4":"has-post-thumbnail","6":"entry"},"yoast_head":"<!-- This site is optimized with the Yoast SEO plugin v27.0 - https:\/\/yoast.com\/product\/yoast-seo-wordpress\/ -->\n<title>Fa\u00eetes-vous la m\u00eame erreur que 99% des gens qui visitent Londres ?<\/title>\n<meta name=\"robots\" content=\"index, follow, max-snippet:-1, max-image-preview:large, max-video-preview:-1\" \/>\n<link rel=\"canonical\" href=\"https:\/\/bonjourlondres.fr\/it\/trasferimento-dallaeroporto-al-centro-citta\/\" \/>\n<meta property=\"og:locale\" content=\"it_IT\" \/>\n<meta property=\"og:type\" content=\"article\" \/>\n<meta property=\"og:title\" content=\"Fa\u00eetes-vous la m\u00eame erreur que 99% des gens qui visitent Londres ?\" \/>\n<meta property=\"og:description\" content=\"Note: si c&rsquo;est un retour vers l&rsquo;a\u00e9roport qui vous int\u00e9resse, cliquez ici. Vous arrivez \u00e0 Londres en avion comme 9O% des voyageurs ? Lisez bien ce qui va suivre\u2026 Car la plupart des voyageurs font l\u2019erreur de prendre un taxi \u00e0 leur arriv\u00e9e. Ou encore pire. Ils font l\u2019erreur de prendre les transports en commun. [&hellip;]\" \/>\n<meta property=\"og:url\" content=\"https:\/\/bonjourlondres.fr\/it\/trasferimento-dallaeroporto-al-centro-citta\/\" \/>\n<meta property=\"og:site_name\" content=\"Bonjour Londres\" \/>\n<meta property=\"article:modified_time\" content=\"2025-09-27T07:48:59+00:00\" \/>\n<meta property=\"og:image\" content=\"https:\/\/bonjourlondres.fr\/wp-content\/uploads\/2024\/01\/transfer-aeroport-londres.jpeg\" \/>\n\t<meta property=\"og:image:width\" content=\"482\" \/>\n\t<meta property=\"og:image:height\" content=\"319\" \/>\n\t<meta property=\"og:image:type\" content=\"image\/jpeg\" \/>\n<meta name=\"twitter:card\" content=\"summary_large_image\" \/>\n<meta name=\"twitter:label1\" content=\"Est. reading time\" \/>\n\t<meta name=\"twitter:data1\" content=\"7 minuti\" \/>\n<script type=\"application\/ld+json\" class=\"yoast-schema-graph\">{\"@context\":\"https:\/\/schema.org\",\"@graph\":[{\"@type\":\"WebPage\",\"@id\":\"https:\/\/bonjourlondres.fr\/transfert-aeroport-vers-centre-ville\/\",\"url\":\"https:\/\/bonjourlondres.fr\/transfert-aeroport-vers-centre-ville\/\",\"name\":\"Fa\u00eetes-vous la m\u00eame erreur que 99% des gens qui visitent Londres ?\",\"isPartOf\":{\"@id\":\"https:\/\/bonjourlondres.fr\/#website\"},\"primaryImageOfPage\":{\"@id\":\"https:\/\/bonjourlondres.fr\/transfert-aeroport-vers-centre-ville\/#primaryimage\"},\"image\":{\"@id\":\"https:\/\/bonjourlondres.fr\/transfert-aeroport-vers-centre-ville\/#primaryimage\"},\"thumbnailUrl\":\"https:\/\/bonjourlondres.fr\/wp-content\/uploads\/2024\/01\/transfer-aeroport-londres.jpeg\",\"datePublished\":\"2024-01-21T17:08:53+00:00\",\"dateModified\":\"2025-09-27T07:48:59+00:00\",\"breadcrumb\":{\"@id\":\"https:\/\/bonjourlondres.fr\/transfert-aeroport-vers-centre-ville\/#breadcrumb\"},\"inLanguage\":\"it-IT\",\"potentialAction\":[{\"@type\":\"ReadAction\",\"target\":[\"https:\/\/bonjourlondres.fr\/transfert-aeroport-vers-centre-ville\/\"]}]},{\"@type\":\"ImageObject\",\"inLanguage\":\"it-IT\",\"@id\":\"https:\/\/bonjourlondres.fr\/transfert-aeroport-vers-centre-ville\/#primaryimage\",\"url\":\"https:\/\/bonjourlondres.fr\/wp-content\/uploads\/2024\/01\/transfer-aeroport-londres.jpeg\",\"contentUrl\":\"https:\/\/bonjourlondres.fr\/wp-content\/uploads\/2024\/01\/transfer-aeroport-londres.jpeg\",\"width\":482,\"height\":319},{\"@type\":\"BreadcrumbList\",\"@id\":\"https:\/\/bonjourlondres.fr\/transfert-aeroport-vers-centre-ville\/#breadcrumb\",\"itemListElement\":[{\"@type\":\"ListItem\",\"position\":1,\"name\":\"Accueil\",\"item\":\"https:\/\/bonjourlondres.fr\/\"},{\"@type\":\"ListItem\",\"position\":2,\"name\":\"Fa\u00eetes-vous la m\u00eame erreur que 99% des gens qui visitent Londres ?\"}]},{\"@type\":\"WebSite\",\"@id\":\"https:\/\/bonjourlondres.fr\/#website\",\"url\":\"https:\/\/bonjourlondres.fr\/\",\"name\":\"Bonjour Londres\",\"description\":\"Tout pour passer un s\u00e9jour inoubliable en 2026 !\",\"potentialAction\":[{\"@type\":\"SearchAction\",\"target\":{\"@type\":\"EntryPoint\",\"urlTemplate\":\"https:\/\/bonjourlondres.fr\/?s={search_term_string}\"},\"query-input\":{\"@type\":\"PropertyValueSpecification\",\"valueRequired\":true,\"valueName\":\"search_term_string\"}}],\"inLanguage\":\"it-IT\"}]}<\/script>\n<!-- \/ Yoast SEO plugin. -->","yoast_head_json":{"title":"State facendo lo stesso errore di 99% di persone che visitano Londra?","robots":{"index":"index","follow":"follow","max-snippet":"max-snippet:-1","max-image-preview":"max-image-preview:large","max-video-preview":"max-video-preview:-1"},"canonical":"https:\/\/bonjourlondres.fr\/it\/trasferimento-dallaeroporto-al-centro-citta\/","og_locale":"it_IT","og_type":"article","og_title":"Fa\u00eetes-vous la m\u00eame erreur que 99% des gens qui visitent Londres ?","og_description":"Note: si c&rsquo;est un retour vers l&rsquo;a\u00e9roport qui vous int\u00e9resse, cliquez ici. Vous arrivez \u00e0 Londres en avion comme 9O% des voyageurs ? Lisez bien ce qui va suivre\u2026 Car la plupart des voyageurs font l\u2019erreur de prendre un taxi \u00e0 leur arriv\u00e9e. Ou encore pire. Ils font l\u2019erreur de prendre les transports en commun. [&hellip;]","og_url":"https:\/\/bonjourlondres.fr\/it\/trasferimento-dallaeroporto-al-centro-citta\/","og_site_name":"Bonjour Londres","article_modified_time":"2025-09-27T07:48:59+00:00","og_image":[{"width":482,"height":319,"url":"https:\/\/bonjourlondres.fr\/wp-content\/uploads\/2024\/01\/transfer-aeroport-londres.jpeg","type":"image\/jpeg"}],"twitter_card":"summary_large_image","twitter_misc":{"Est. reading time":"7 minuti"},"schema":{"@context":"https:\/\/schema.org","@graph":[{"@type":"WebPage","@id":"https:\/\/bonjourlondres.fr\/transfert-aeroport-vers-centre-ville\/","url":"https:\/\/bonjourlondres.fr\/transfert-aeroport-vers-centre-ville\/","name":"State facendo lo stesso errore di 99% di persone che visitano Londra?","isPartOf":{"@id":"https:\/\/bonjourlondres.fr\/#website"},"primaryImageOfPage":{"@id":"https:\/\/bonjourlondres.fr\/transfert-aeroport-vers-centre-ville\/#primaryimage"},"image":{"@id":"https:\/\/bonjourlondres.fr\/transfert-aeroport-vers-centre-ville\/#primaryimage"},"thumbnailUrl":"https:\/\/bonjourlondres.fr\/wp-content\/uploads\/2024\/01\/transfer-aeroport-londres.jpeg","datePublished":"2024-01-21T17:08:53+00:00","dateModified":"2025-09-27T07:48:59+00:00","breadcrumb":{"@id":"https:\/\/bonjourlondres.fr\/transfert-aeroport-vers-centre-ville\/#breadcrumb"},"inLanguage":"it-IT","potentialAction":[{"@type":"ReadAction","target":["https:\/\/bonjourlondres.fr\/transfert-aeroport-vers-centre-ville\/"]}]},{"@type":"ImageObject","inLanguage":"it-IT","@id":"https:\/\/bonjourlondres.fr\/transfert-aeroport-vers-centre-ville\/#primaryimage","url":"https:\/\/bonjourlondres.fr\/wp-content\/uploads\/2024\/01\/transfer-aeroport-londres.jpeg","contentUrl":"https:\/\/bonjourlondres.fr\/wp-content\/uploads\/2024\/01\/transfer-aeroport-londres.jpeg","width":482,"height":319},{"@type":"BreadcrumbList","@id":"https:\/\/bonjourlondres.fr\/transfert-aeroport-vers-centre-ville\/#breadcrumb","itemListElement":[{"@type":"ListItem","position":1,"name":"Accueil","item":"https:\/\/bonjourlondres.fr\/"},{"@type":"ListItem","position":2,"name":"Fa\u00eetes-vous la m\u00eame erreur que 99% des gens qui visitent Londres ?"}]},{"@type":"WebSite","@id":"https:\/\/bonjourlondres.fr\/#website","url":"https:\/\/bonjourlondres.fr\/","name":"Ciao Londra","description":"Tutto per trascorrere un soggiorno indimenticabile nel 2026!","potentialAction":[{"@type":"SearchAction","target":{"@type":"EntryPoint","urlTemplate":"https:\/\/bonjourlondres.fr\/?s={search_term_string}"},"query-input":{"@type":"PropertyValueSpecification","valueRequired":true,"valueName":"search_term_string"}}],"inLanguage":"it-IT"}]}},"featured_image_src":"https:\/\/bonjourlondres.fr\/wp-content\/uploads\/2024\/01\/transfer-aeroport-londres.jpeg","featured_image_src_square":"https:\/\/bonjourlondres.fr\/wp-content\/uploads\/2024\/01\/transfer-aeroport-londres.jpeg","_links":{"self":[{"href":"https:\/\/bonjourlondres.fr\/it\/wp-json\/wp\/v2\/pages\/1185","targetHints":{"allow":["GET"]}}],"collection":[{"href":"https:\/\/bonjourlondres.fr\/it\/wp-json\/wp\/v2\/pages"}],"about":[{"href":"https:\/\/bonjourlondres.fr\/it\/wp-json\/wp\/v2\/types\/page"}],"author":[{"embeddable":true,"href":"https:\/\/bonjourlondres.fr\/it\/wp-json\/wp\/v2\/users\/8"}],"replies":[{"embeddable":true,"href":"https:\/\/bonjourlondres.fr\/it\/wp-json\/wp\/v2\/comments?post=1185"}],"version-history":[{"count":0,"href":"https:\/\/bonjourlondres.fr\/it\/wp-json\/wp\/v2\/pages\/1185\/revisions"}],"wp:featuredmedia":[{"embeddable":true,"href":"https:\/\/bonjourlondres.fr\/it\/wp-json\/wp\/v2\/media\/1188"}],"wp:attachment":[{"href":"https:\/\/bonjourlondres.fr\/it\/wp-json\/wp\/v2\/media?parent=1185"}],"curies":[{"name":"wp","href":"https:\/\/api.w.org\/{rel}","templated":true}]}}