{"id":47,"date":"2023-01-05T12:24:57","date_gmt":"2023-01-05T12:24:57","guid":{"rendered":"https:\/\/bonjourlondres.fr\/?page_id=47"},"modified":"2024-03-01T13:43:20","modified_gmt":"2024-03-01T13:43:20","slug":"kontakt","status":"publish","type":"page","link":"https:\/\/bonjourlondres.fr\/de\/contact\/","title":{"rendered":"Kontakt"},"content":{"rendered":"<p>Haben Sie eine spezielle Frage zur Stadt London? M\u00f6chten Sie eine Anfrage stellen?<\/p>\n<p>Sie k\u00f6nnen uns \u00fcber das untenstehende Formular schreiben, und ich werde Ihnen gerne antworten!<\/p>\n\n<div class=\"wpcf7 no-js\" id=\"wpcf7-f8-o1\" lang=\"fr-FR\" dir=\"ltr\" data-wpcf7-id=\"8\">\n<div class=\"screen-reader-response\"><p role=\"status\" aria-live=\"polite\" aria-atomic=\"true\"><\/p> <ul><\/ul><\/div>\n<form action=\"\/de\/wp-json\/wp\/v2\/pages\/47#wpcf7-f8-o1\" method=\"post\" class=\"wpcf7-form init\" aria-label=\"Kontaktformular\" novalidate=\"novalidate\" data-status=\"init\" data-trp-original-action=\"\/de\/wp-json\/wp\/v2\/pages\/47#wpcf7-f8-o1\">\n<fieldset class=\"hidden-fields-container\"><input type=\"hidden\" name=\"_wpcf7\" value=\"8\" \/><input type=\"hidden\" name=\"_wpcf7_version\" value=\"6.1.5\" \/><input type=\"hidden\" name=\"_wpcf7_locale\" value=\"fr_FR\" \/><input type=\"hidden\" name=\"_wpcf7_unit_tag\" value=\"wpcf7-f8-o1\" \/><input type=\"hidden\" name=\"_wpcf7_container_post\" value=\"0\" \/><input type=\"hidden\" name=\"_wpcf7_posted_data_hash\" value=\"\" \/>\n<\/fieldset>\n<p><label> Ihr Name<br \/>\n<span class=\"wpcf7-form-control-wrap\" data-name=\"your-name\"><input size=\"40\" maxlength=\"400\" class=\"wpcf7-form-control wpcf7-text wpcf7-validates-as-required\" aria-required=\"true\" aria-invalid=\"false\" value=\"\" type=\"text\" name=\"your-name\" \/><\/span> <\/label>\n<\/p>\n<p><label> Ihre E-Mail<br \/>\n<span class=\"wpcf7-form-control-wrap\" data-name=\"your-email\"><input size=\"40\" maxlength=\"400\" class=\"wpcf7-form-control wpcf7-email wpcf7-validates-as-required wpcf7-text wpcf7-validates-as-email\" aria-required=\"true\" aria-invalid=\"false\" value=\"\" type=\"email\" name=\"your-email\" \/><\/span> <\/label>\n<\/p>\n<p><label> Objekt<br \/>\n<span class=\"wpcf7-form-control-wrap\" data-name=\"your-subject\"><input size=\"40\" maxlength=\"400\" class=\"wpcf7-form-control wpcf7-text wpcf7-validates-as-required\" aria-required=\"true\" aria-invalid=\"false\" value=\"\" type=\"text\" name=\"your-subject\" \/><\/span> <\/label>\n<\/p>\n<p><label> Ihre Nachricht (optional)<br \/>\n<span class=\"wpcf7-form-control-wrap\" data-name=\"your-message\"><textarea cols=\"40\" rows=\"10\" maxlength=\"2000\" class=\"wpcf7-form-control wpcf7-textarea\" aria-invalid=\"false\" name=\"your-message\"><\/textarea><\/span> <\/label>\n<\/p>\n<p><input class=\"wpcf7-form-control wpcf7-submit has-spinner\" type=\"submit\" value=\"Senden Sie\" \/>\n<\/p><p style=\"display: none !important;\" class=\"akismet-fields-container\" data-prefix=\"_wpcf7_ak_\"><label>\u0394<textarea name=\"_wpcf7_ak_hp_textarea\" cols=\"45\" rows=\"8\" maxlength=\"100\"><\/textarea><\/label><input type=\"hidden\" id=\"ak_js_1\" name=\"_wpcf7_ak_js\" value=\"84\"\/><script>document.getElementById( \"ak_js_1\" ).setAttribute( \"value\", ( new Date() ).getTime() );<\/script><\/p><div class=\"wpcf7-response-output\" aria-hidden=\"true\"><\/div>\n<input type=\"hidden\" name=\"trp-form-language\" value=\"de\"\/><\/form>\n<\/div>\n\n<p>Sie k\u00f6nnen uns hier auch direkt kontaktieren:<br \/>\nEmail: Marie.bonjourlondres@gmail.com<br \/>\nTelefon: <a href=\"tel:+351 911 747 178\">+351 911 747 178<\/a><\/p>","protected":false},"excerpt":{"rendered":"<p>Haben Sie eine spezielle Frage zur Stadt London? M\u00f6chten Sie eine Anfrage stellen? Sie k\u00f6nnen uns \u00fcber das untenstehende Formular schreiben, und ich werde Ihnen gerne antworten! Sie k\u00f6nnen uns auch direkt hier kontaktieren: Email: Marie.bonjourlondres@gmail.com Telefon: +351 911 747 178<\/p>","protected":false},"author":1,"featured_media":0,"parent":0,"menu_order":0,"comment_status":"closed","ping_status":"closed","template":"","meta":{"om_disable_all_campaigns":false,"_genesis_hide_title":false,"_genesis_hide_breadcrumbs":false,"_genesis_hide_singular_image":false,"_genesis_hide_footer_widgets":false,"_genesis_custom_body_class":"","_genesis_custom_post_class":"","_genesis_layout":"","footnotes":""},"class_list":{"0":"post-47","1":"page","2":"type-page","3":"status-publish","5":"entry"},"yoast_head":"<!-- This site is optimized with the Yoast SEO plugin v27.0 - https:\/\/yoast.com\/product\/yoast-seo-wordpress\/ -->\n<title>Contact<\/title>\n<meta name=\"robots\" content=\"noindex, nofollow\" \/>\n<meta property=\"og:locale\" content=\"de_DE\" \/>\n<meta property=\"og:type\" content=\"article\" \/>\n<meta property=\"og:title\" content=\"Contact\" \/>\n<meta property=\"og:description\" content=\"Vous avez une question en particulier sur la ville de Londres ? Une demande \u00e0 faire ? Vous pouvez nous \u00e9crire via le formulaire ci-dessous, et je vous r\u00e9pondrai avec plaisir ! Vous pouvez aussi directement nous contacter ici: Email: Marie.bonjourlondres@gmail.com T\u00e9l\u00e9phone: +351 911 747 178\" \/>\n<meta property=\"og:url\" content=\"https:\/\/bonjourlondres.fr\/de\/kontakt\/\" \/>\n<meta property=\"og:site_name\" content=\"Bonjour Londres\" \/>\n<meta property=\"article:modified_time\" content=\"2024-03-01T13:43:20+00:00\" \/>\n<meta name=\"twitter:card\" content=\"summary_large_image\" \/>\n<meta name=\"twitter:label1\" content=\"Est. reading time\" \/>\n\t<meta name=\"twitter:data1\" content=\"1\u00a0Minute\" \/>\n<script type=\"application\/ld+json\" class=\"yoast-schema-graph\">{\"@context\":\"https:\/\/schema.org\",\"@graph\":[{\"@type\":\"WebPage\",\"@id\":\"https:\/\/bonjourlondres.fr\/contact\/\",\"url\":\"https:\/\/bonjourlondres.fr\/contact\/\",\"name\":\"Contact\",\"isPartOf\":{\"@id\":\"https:\/\/bonjourlondres.fr\/#website\"},\"datePublished\":\"2023-01-05T12:24:57+00:00\",\"dateModified\":\"2024-03-01T13:43:20+00:00\",\"breadcrumb\":{\"@id\":\"https:\/\/bonjourlondres.fr\/contact\/#breadcrumb\"},\"inLanguage\":\"de\",\"potentialAction\":[{\"@type\":\"ReadAction\",\"target\":[\"https:\/\/bonjourlondres.fr\/contact\/\"]}]},{\"@type\":\"BreadcrumbList\",\"@id\":\"https:\/\/bonjourlondres.fr\/contact\/#breadcrumb\",\"itemListElement\":[{\"@type\":\"ListItem\",\"position\":1,\"name\":\"Accueil\",\"item\":\"https:\/\/bonjourlondres.fr\/\"},{\"@type\":\"ListItem\",\"position\":2,\"name\":\"Contact\"}]},{\"@type\":\"WebSite\",\"@id\":\"https:\/\/bonjourlondres.fr\/#website\",\"url\":\"https:\/\/bonjourlondres.fr\/\",\"name\":\"Bonjour Londres\",\"description\":\"Tout pour passer un s\u00e9jour inoubliable en 2026 !\",\"potentialAction\":[{\"@type\":\"SearchAction\",\"target\":{\"@type\":\"EntryPoint\",\"urlTemplate\":\"https:\/\/bonjourlondres.fr\/?s={search_term_string}\"},\"query-input\":{\"@type\":\"PropertyValueSpecification\",\"valueRequired\":true,\"valueName\":\"search_term_string\"}}],\"inLanguage\":\"de\"}]}<\/script>\n<!-- \/ Yoast SEO plugin. -->","yoast_head_json":{"title":"Kontakt","robots":{"index":"noindex","follow":"nofollow"},"og_locale":"de_DE","og_type":"article","og_title":"Contact","og_description":"Vous avez une question en particulier sur la ville de Londres ? Une demande \u00e0 faire ? Vous pouvez nous \u00e9crire via le formulaire ci-dessous, et je vous r\u00e9pondrai avec plaisir ! Vous pouvez aussi directement nous contacter ici: Email: Marie.bonjourlondres@gmail.com T\u00e9l\u00e9phone: +351 911 747 178","og_url":"https:\/\/bonjourlondres.fr\/de\/kontakt\/","og_site_name":"Bonjour Londres","article_modified_time":"2024-03-01T13:43:20+00:00","twitter_card":"summary_large_image","twitter_misc":{"Est. reading time":"1\u00a0Minute"},"schema":{"@context":"https:\/\/schema.org","@graph":[{"@type":"WebPage","@id":"https:\/\/bonjourlondres.fr\/contact\/","url":"https:\/\/bonjourlondres.fr\/contact\/","name":"Kontakt","isPartOf":{"@id":"https:\/\/bonjourlondres.fr\/#website"},"datePublished":"2023-01-05T12:24:57+00:00","dateModified":"2024-03-01T13:43:20+00:00","breadcrumb":{"@id":"https:\/\/bonjourlondres.fr\/contact\/#breadcrumb"},"inLanguage":"de","potentialAction":[{"@type":"ReadAction","target":["https:\/\/bonjourlondres.fr\/contact\/"]}]},{"@type":"BreadcrumbList","@id":"https:\/\/bonjourlondres.fr\/contact\/#breadcrumb","itemListElement":[{"@type":"ListItem","position":1,"name":"Accueil","item":"https:\/\/bonjourlondres.fr\/"},{"@type":"ListItem","position":2,"name":"Contact"}]},{"@type":"WebSite","@id":"https:\/\/bonjourlondres.fr\/#website","url":"https:\/\/bonjourlondres.fr\/","name":"Hallo London","description":"Alles f\u00fcr einen unvergesslichen Aufenthalt im Jahr 2026!","potentialAction":[{"@type":"SearchAction","target":{"@type":"EntryPoint","urlTemplate":"https:\/\/bonjourlondres.fr\/?s={search_term_string}"},"query-input":{"@type":"PropertyValueSpecification","valueRequired":true,"valueName":"search_term_string"}}],"inLanguage":"de"}]}},"featured_image_src":null,"featured_image_src_square":null,"_links":{"self":[{"href":"https:\/\/bonjourlondres.fr\/de\/wp-json\/wp\/v2\/pages\/47","targetHints":{"allow":["GET"]}}],"collection":[{"href":"https:\/\/bonjourlondres.fr\/de\/wp-json\/wp\/v2\/pages"}],"about":[{"href":"https:\/\/bonjourlondres.fr\/de\/wp-json\/wp\/v2\/types\/page"}],"author":[{"embeddable":true,"href":"https:\/\/bonjourlondres.fr\/de\/wp-json\/wp\/v2\/users\/1"}],"replies":[{"embeddable":true,"href":"https:\/\/bonjourlondres.fr\/de\/wp-json\/wp\/v2\/comments?post=47"}],"version-history":[{"count":0,"href":"https:\/\/bonjourlondres.fr\/de\/wp-json\/wp\/v2\/pages\/47\/revisions"}],"wp:attachment":[{"href":"https:\/\/bonjourlondres.fr\/de\/wp-json\/wp\/v2\/media?parent=47"}],"curies":[{"name":"wp","href":"https:\/\/api.w.org\/{rel}","templated":true}]}}