{"id":1670,"date":"2026-02-23T14:23:59","date_gmt":"2026-02-23T14:23:59","guid":{"rendered":"https:\/\/bonjourlondres.fr\/?page_id=1670"},"modified":"2026-02-23T14:23:59","modified_gmt":"2026-02-23T14:23:59","slug":"antrag-auf-einen-transfer-vom-bahnhof-zur-unterkunft-berucksichtigt","status":"publish","type":"page","link":"https:\/\/bonjourlondres.fr\/de\/demande-pour-un-transfert-gare-hebergement-prise-en-compte\/","title":{"rendered":"Anfrage f\u00fcr einen Transfer zwischen Bahnhof und Unterkunft ber\u00fccksichtigt"},"content":{"rendered":"<p>Danke!<br \/>\nIhre Anfrage f\u00fcr einen Transfer vom Bahnhof St. Pancras zu Ihrer Unterkunft wird ber\u00fccksichtigt.<br \/>\nWir werden uns so bald wie m\u00f6glich mit Ihnen in Verbindung setzen, um Ihnen die Preise mitzuteilen.<\/p>\n<p>Wenn Sie Fragen haben oder einen Kontakt ben\u00f6tigen, senden Sie eine E-Mail an Marie.bonjourlondres@gmail.com.<\/p>","protected":false},"excerpt":{"rendered":"<p>Vielen Dank! Ihre Anfrage f\u00fcr einen Transfer vom Bahnhof St. Pancras zu Ihrer Unterkunft wurde ber\u00fccksichtigt. Wir werden uns so bald wie m\u00f6glich mit Ihnen in Verbindung setzen, um Ihnen die Preise mitzuteilen. Wenn Sie Fragen haben oder Kontakt ben\u00f6tigen, senden Sie eine E-Mail an Marie.bonjourlondres@gmail.com.<\/p>","protected":false},"author":8,"featured_media":0,"parent":0,"menu_order":0,"comment_status":"closed","ping_status":"closed","template":"","meta":{"om_disable_all_campaigns":false,"_genesis_hide_title":false,"_genesis_hide_breadcrumbs":false,"_genesis_hide_singular_image":false,"_genesis_hide_footer_widgets":false,"_genesis_custom_body_class":"","_genesis_custom_post_class":"","_genesis_layout":"","footnotes":""},"class_list":{"0":"post-1670","1":"page","2":"type-page","3":"status-publish","5":"entry"},"yoast_head":"<!-- This site is optimized with the Yoast SEO plugin v27.0 - https:\/\/yoast.com\/product\/yoast-seo-wordpress\/ -->\n<title>Demande pour un transfert gare-h\u00e9bergement prise en compte<\/title>\n<meta name=\"robots\" content=\"index, follow, max-snippet:-1, max-image-preview:large, max-video-preview:-1\" \/>\n<link rel=\"canonical\" href=\"https:\/\/bonjourlondres.fr\/de\/antrag-auf-einen-transfer-vom-bahnhof-zur-unterkunft-berucksichtigt\/\" \/>\n<meta property=\"og:locale\" content=\"de_DE\" \/>\n<meta property=\"og:type\" content=\"article\" \/>\n<meta property=\"og:title\" content=\"Demande pour un transfert gare-h\u00e9bergement prise en compte\" \/>\n<meta property=\"og:description\" content=\"Merci ! Votre demande de transfert depuis la gare St Pancras vers votre logement est prise en compte. Nous vous contacterons dans les plus brefs d\u00e9lais pour vous donner les tarifs. Pour toute question ou besoin de contact, envoyer un mail \u00e0 Marie.bonjourlondres@gmail.com\" \/>\n<meta property=\"og:url\" content=\"https:\/\/bonjourlondres.fr\/de\/antrag-auf-einen-transfer-vom-bahnhof-zur-unterkunft-berucksichtigt\/\" \/>\n<meta property=\"og:site_name\" content=\"Bonjour Londres\" \/>\n<meta name=\"twitter:card\" content=\"summary_large_image\" \/>\n<script type=\"application\/ld+json\" class=\"yoast-schema-graph\">{\"@context\":\"https:\/\/schema.org\",\"@graph\":[{\"@type\":\"WebPage\",\"@id\":\"https:\/\/bonjourlondres.fr\/demande-pour-un-transfert-gare-hebergement-prise-en-compte\/\",\"url\":\"https:\/\/bonjourlondres.fr\/demande-pour-un-transfert-gare-hebergement-prise-en-compte\/\",\"name\":\"Demande pour un transfert gare-h\u00e9bergement prise en compte\",\"isPartOf\":{\"@id\":\"https:\/\/bonjourlondres.fr\/#website\"},\"datePublished\":\"2026-02-23T14:23:59+00:00\",\"breadcrumb\":{\"@id\":\"https:\/\/bonjourlondres.fr\/demande-pour-un-transfert-gare-hebergement-prise-en-compte\/#breadcrumb\"},\"inLanguage\":\"de\",\"potentialAction\":[{\"@type\":\"ReadAction\",\"target\":[\"https:\/\/bonjourlondres.fr\/demande-pour-un-transfert-gare-hebergement-prise-en-compte\/\"]}]},{\"@type\":\"BreadcrumbList\",\"@id\":\"https:\/\/bonjourlondres.fr\/demande-pour-un-transfert-gare-hebergement-prise-en-compte\/#breadcrumb\",\"itemListElement\":[{\"@type\":\"ListItem\",\"position\":1,\"name\":\"Accueil\",\"item\":\"https:\/\/bonjourlondres.fr\/\"},{\"@type\":\"ListItem\",\"position\":2,\"name\":\"Demande pour un transfert gare-h\u00e9bergement prise en compte\"}]},{\"@type\":\"WebSite\",\"@id\":\"https:\/\/bonjourlondres.fr\/#website\",\"url\":\"https:\/\/bonjourlondres.fr\/\",\"name\":\"Bonjour Londres\",\"description\":\"Tout pour passer un s\u00e9jour inoubliable en 2026 !\",\"potentialAction\":[{\"@type\":\"SearchAction\",\"target\":{\"@type\":\"EntryPoint\",\"urlTemplate\":\"https:\/\/bonjourlondres.fr\/?s={search_term_string}\"},\"query-input\":{\"@type\":\"PropertyValueSpecification\",\"valueRequired\":true,\"valueName\":\"search_term_string\"}}],\"inLanguage\":\"de\"}]}<\/script>\n<!-- \/ Yoast SEO plugin. -->","yoast_head_json":{"title":"Anfrage f\u00fcr einen Transfer zwischen Bahnhof und Unterkunft ber\u00fccksichtigt","robots":{"index":"index","follow":"follow","max-snippet":"max-snippet:-1","max-image-preview":"max-image-preview:large","max-video-preview":"max-video-preview:-1"},"canonical":"https:\/\/bonjourlondres.fr\/de\/antrag-auf-einen-transfer-vom-bahnhof-zur-unterkunft-berucksichtigt\/","og_locale":"de_DE","og_type":"article","og_title":"Demande pour un transfert gare-h\u00e9bergement prise en compte","og_description":"Merci ! Votre demande de transfert depuis la gare St Pancras vers votre logement est prise en compte. Nous vous contacterons dans les plus brefs d\u00e9lais pour vous donner les tarifs. Pour toute question ou besoin de contact, envoyer un mail \u00e0 Marie.bonjourlondres@gmail.com","og_url":"https:\/\/bonjourlondres.fr\/de\/antrag-auf-einen-transfer-vom-bahnhof-zur-unterkunft-berucksichtigt\/","og_site_name":"Bonjour Londres","twitter_card":"summary_large_image","schema":{"@context":"https:\/\/schema.org","@graph":[{"@type":"WebPage","@id":"https:\/\/bonjourlondres.fr\/demande-pour-un-transfert-gare-hebergement-prise-en-compte\/","url":"https:\/\/bonjourlondres.fr\/demande-pour-un-transfert-gare-hebergement-prise-en-compte\/","name":"Anfrage f\u00fcr einen Transfer zwischen Bahnhof und Unterkunft ber\u00fccksichtigt","isPartOf":{"@id":"https:\/\/bonjourlondres.fr\/#website"},"datePublished":"2026-02-23T14:23:59+00:00","breadcrumb":{"@id":"https:\/\/bonjourlondres.fr\/demande-pour-un-transfert-gare-hebergement-prise-en-compte\/#breadcrumb"},"inLanguage":"de","potentialAction":[{"@type":"ReadAction","target":["https:\/\/bonjourlondres.fr\/demande-pour-un-transfert-gare-hebergement-prise-en-compte\/"]}]},{"@type":"BreadcrumbList","@id":"https:\/\/bonjourlondres.fr\/demande-pour-un-transfert-gare-hebergement-prise-en-compte\/#breadcrumb","itemListElement":[{"@type":"ListItem","position":1,"name":"Accueil","item":"https:\/\/bonjourlondres.fr\/"},{"@type":"ListItem","position":2,"name":"Demande pour un transfert gare-h\u00e9bergement prise en compte"}]},{"@type":"WebSite","@id":"https:\/\/bonjourlondres.fr\/#website","url":"https:\/\/bonjourlondres.fr\/","name":"Hallo London","description":"Alles f\u00fcr einen unvergesslichen Aufenthalt im Jahr 2026!","potentialAction":[{"@type":"SearchAction","target":{"@type":"EntryPoint","urlTemplate":"https:\/\/bonjourlondres.fr\/?s={search_term_string}"},"query-input":{"@type":"PropertyValueSpecification","valueRequired":true,"valueName":"search_term_string"}}],"inLanguage":"de"}]}},"featured_image_src":null,"featured_image_src_square":null,"_links":{"self":[{"href":"https:\/\/bonjourlondres.fr\/de\/wp-json\/wp\/v2\/pages\/1670","targetHints":{"allow":["GET"]}}],"collection":[{"href":"https:\/\/bonjourlondres.fr\/de\/wp-json\/wp\/v2\/pages"}],"about":[{"href":"https:\/\/bonjourlondres.fr\/de\/wp-json\/wp\/v2\/types\/page"}],"author":[{"embeddable":true,"href":"https:\/\/bonjourlondres.fr\/de\/wp-json\/wp\/v2\/users\/8"}],"replies":[{"embeddable":true,"href":"https:\/\/bonjourlondres.fr\/de\/wp-json\/wp\/v2\/comments?post=1670"}],"version-history":[{"count":0,"href":"https:\/\/bonjourlondres.fr\/de\/wp-json\/wp\/v2\/pages\/1670\/revisions"}],"wp:attachment":[{"href":"https:\/\/bonjourlondres.fr\/de\/wp-json\/wp\/v2\/media?parent=1670"}],"curies":[{"name":"wp","href":"https:\/\/api.w.org\/{rel}","templated":true}]}}